{"id":3,"date":"2022-12-19T14:29:35","date_gmt":"2022-12-19T14:29:35","guid":{"rendered":"https:\/\/martinabanozictextiles.com\/?page_id=3"},"modified":"2024-11-27T13:40:53","modified_gmt":"2024-11-27T13:40:53","slug":"politika-privatosti","status":"publish","type":"page","link":"https:\/\/martinabanozictextiles.com\/eng\/politika-privatosti\/","title":{"rendered":"Politika privatosti"},"content":{"rendered":"<div data-elementor-type=\"wp-page\" data-elementor-id=\"3\" class=\"elementor elementor-3\">\n\t\t\t\t<section class=\"elementor-section elementor-top-section elementor-element elementor-element-3b39686c elementor-section-boxed elementor-section-height-default elementor-section-height-default wpr-particle-no wpr-jarallax-no wpr-parallax-no wpr-sticky-section-no\" data-id=\"3b39686c\" data-element_type=\"section\">\n\t\t\t\t\t\t<div class=\"elementor-container elementor-column-gap-default\">\n\t\t\t\t\t<div class=\"elementor-column elementor-col-100 elementor-top-column elementor-element elementor-element-5a0bab02\" data-id=\"5a0bab02\" data-element_type=\"column\">\n\t\t\t<div class=\"elementor-widget-wrap elementor-element-populated\">\n\t\t\t\t\t\t<div class=\"elementor-element elementor-element-7ab9b0bf elementor-widget elementor-widget-text-editor\" data-id=\"7ab9b0bf\" data-element_type=\"widget\" data-widget_type=\"text-editor.default\">\n\t\t\t\t<div class=\"elementor-widget-container\">\n\t\t\t\t\t\t\t\t\t<p><\/p>\n<p><strong>MB Studio<\/strong>, trade for design, production and trade, owner Martina Bano\u017ei\u0107 VAT ID: HR09451492383 (MB Studio) undertakes not to misuse personal data from the order form collected on its website martinabanozictextiles.com. Personal data is considered to be all data used to determine the customer's identity (for example, first and last name, e-mail address, residential address, etc.). MB Studio will not deliver or disclose the customer's personal data to a third party, except in cases where the law expressly prescribes it and in cases where it is necessary to fulfill obligations. All customer data is strictly kept and is available only to employees who need this data to perform their work. <strong>martinabanozictextiles.com<\/strong>. Personal data is considered to be all data used to determine the customer's identity (for example, first and last name, e-mail address, residential address, etc.).<strong>&nbsp;<\/strong><strong>MB Studio<\/strong> will not deliver or disclose the customer's personal data to a third party, except in cases where it is expressly prescribed by law and in cases where it is necessary to fulfill obligations. All customer data is strictly kept and is available only to employees who need this data to perform their work.<\/p>\n<p><\/p>\n<p class=\"translation-block\">All employees of MB Studio and business partners are responsible for respecting the principles of privacy protection.<\/p>\n<p><\/p>\n<p class=\"translation-block\">We are committed to providing protection to customers' personal data in such a way that it collects only basic customer data that is necessary for the fulfillment of obligations. MB Studio has the right to use data that is automatically recorded by accessing the website and is not personal data (types of searchers, number of visits, time spent on the pages, etc.) exclusively for the purpose of evaluating website visits and improving its content and functionality.<\/p>\n<p><\/p>\n<p class=\"translation-block\">MB Studio informs customers about the use of collected data and regularly gives customers a choice about the use of their data, including the ability to decide whether or not they want their name removed from lists used for marketing purposes. In the event of a change in any of the personal data (e.g. place of residence, delivery address) recorded during registration, the customer is obliged to inform MB Studio about the change. In the event of a change of which it has not been informed, MB Studio is not responsible for any defects regarding the order or delivery of the product.<\/p>\n<p><\/p>\n<p>The above provisions on the protection of personal data refer exclusively to the homepage <strong>martinabanozictextiles.com<\/strong> and to all pages within&nbsp;<strong>martinabanozictextiles.com<\/strong> domain, and not to the external sites to which the links refer to&nbsp;<strong>martinabanozictextiles.com<\/strong> domains, for which pages<strong>&nbsp;martinabanozictextiles.com<\/strong> is not responsible or responsible for which pages&nbsp;<strong>martinabanozictextiles.com<\/strong> does not collect or process user data. Except in case of electronic order, in other cases&nbsp;<strong>martinabanozictextiles.com<\/strong> will not send electronic messages to the customer unless the customer has expressly agreed to it.<\/p>\n<p><\/p>\t\t\t\t\t\t\t\t<\/div>\n\t\t\t\t<\/div>\n\t\t\t\t\t<\/div>\n\t\t<\/div>\n\t\t\t\t\t<\/div>\n\t\t<\/section>\t\t<\/div>","protected":false},"excerpt":{"rendered":"<p>MB Studio, obrt za dizajn, proizvodnju i trgovinu, vl. Martina Bano\u017ei\u0107 OIB: 09451492383 (MB Studio)&nbsp;se obvezuje da ne\u0107e zloupotrebljavati osobne&#8230;<\/p>","protected":false},"author":1,"featured_media":0,"parent":0,"menu_order":0,"comment_status":"closed","ping_status":"closed","template":"","meta":{"footnotes":""},"class_list":["post-3","page","type-page","status-publish","hentry"],"post-meta":{"_wp_page_template":["default"],"_edit_last":["1"],"_edit_lock":["1770721031:1"],"site-container":["default"],"site-header-transparent":["default"],"site-page-header":["default"],"site-sidebar":["default"],"_elementor_edit_mode":["builder"],"_elementor_template_type":["wp-page"],"_elementor_version":["3.23.4"],"_elementor_data":["[{\"id\":\"3b39686c\",\"elType\":\"section\",\"settings\":{\"hover_parallax\":[{\"layer_position_vr\":{\"unit\":\"%\",\"size\":30},\"layer_position_hr\":{\"unit\":\"%\",\"size\":40},\"_id\":\"818a7b2\"},{\"layer_position_vr\":{\"unit\":\"%\",\"size\":60},\"layer_position_hr\":{\"unit\":\"%\",\"size\":20},\"_id\":\"0127e08\"}]},\"elements\":[{\"id\":\"5a0bab02\",\"elType\":\"column\",\"settings\":{\"_column_size\":100},\"elements\":[{\"id\":\"7ab9b0bf\",\"elType\":\"widget\",\"settings\":{\"editor\":\"<p><!-- wp:paragraph --><\\\/p>\\n<p><strong>MB Studio<\\\/strong>, obrt za dizajn, proizvodnju i trgovinu, vl. Martina Bano\\u017ei\\u0107 OIB: 09451492383 (MB Studio)&nbsp;se obvezuje da ne\\u0107e zloupotrebljavati osobne podatke iz obrasca narud\\u017ebe prikupljene na svojoj web stranici <strong>martinabanozictextiles.com<\\\/strong>. Osobnim podacima smatraju se svi podaci kojima se utvr\\u0111uje identitet kupca (primjerice ime i prezime, e-mail adresa, adresa stanovanja i sl.).<strong>&nbsp;<\\\/strong><strong>MB Studio<\\\/strong> ne\\u0107e dostavljati niti razotkriti osobne podatke kupca tre\\u0107oj osobi, osim u slu\\u010dajevima u kojima tako izri\\u010dito propisuje zakon te u slu\\u010dajevima kada je to potrebno za ispunjenje obveza. Svi podaci o kupcima se strogo \\u010duvaju i dostupni su samo djelatnicima kojima su ti podaci nu\\u017eni za obavljanje posla.<\\\/p>\\n<p><!-- \\\/wp:paragraph --><!-- wp:paragraph --><\\\/p>\\n<p>Svi djelatnici&nbsp;<strong>MB Studio<\\\/strong> i poslovni partneri odgovorni su za po\\u0161tivanje na\\u010dela za\\u0161tite privatnosti.<\\\/p>\\n<p><!-- \\\/wp:paragraph --><!-- wp:paragraph --><\\\/p>\\n<p>Obavezujemo se pru\\u017eati za\\u0161titu osobnim podacima kupaca na na\\u010din da prikuplja samo osnovne podatke o kupcima koji su nu\\u017eni za ispunjenje obveza. Podatke koji se pristupom na internet stranicu automatski bilje\\u017ee, a nisu osobni podaci (vrste pretra\\u017eiva\\u010da, broj posjeta, vrijeme provedeno na stranicama i sl.)&nbsp;<strong>MB Studio<\\\/strong> ima pravo koristiti isklju\\u010divo radi ocjene posje\\u0107enosti internet stranice i radi pobolj\\u0161anja njenog sadr\\u017eaja i funkcionalnosti.<\\\/p>\\n<p><!-- \\\/wp:paragraph --><!-- wp:paragraph --><\\\/p>\\n<p><strong>MB Studio<\\\/strong> informira kupce o na\\u010dinu kori\\u0161tenja prikupljenih podataka te redovito daje kupcima mogu\\u0107ost izbora o upotrebi njihovih podataka, uklju\\u010duju\\u0107i mogu\\u0107nost odluke \\u017eele li ili ne da se njihovo ime ukloni s lista koje se koriste za marketin\\u0161ke svrhe. U slu\\u010daju promjene bilo kojeg od osobnih podataka (npr. mjesto stanovanja, adresa dostave) koji se evidentiraju prilikom registracije, kupac je du\\u017ean o promjeni obavijestiti&nbsp;<strong>MB Studio<\\\/strong><strong>.&nbsp;<\\\/strong>U slu\\u010daju promjene o kojoj nije obavije\\u0161ten,&nbsp;<strong>MB Studio<\\\/strong> ne odgovara za bilo kakve nedostatke u pogledu narud\\u017ebe odnosno isporuke proizvoda.<\\\/p>\\n<p><!-- \\\/wp:paragraph --><!-- wp:paragraph --><\\\/p>\\n<p>Gore navedene odredbe o za\\u0161titi osobnih podataka odnose se isklju\\u010divo na po\\u010detnu web stranicu <strong>martinabanozictextiles.com<\\\/strong> te na sve stranice unutar&nbsp;<strong>martinabanozictextiles.com<\\\/strong> domene, a ne na vanjske stranice na koje upu\\u0107uju linkovi na&nbsp;<strong>martinabanozictextiles.com<\\\/strong> domeni, za koje stranice<strong>&nbsp;martinabanozictextiles.com<\\\/strong> nije nadle\\u017ean niti odgovoran te za koje stranice&nbsp;<strong>martinabanozictextiles.com<\\\/strong> ne prikuplja i ne obra\\u0111uje podatke korisnika. Osim u slu\\u010daju elektronske narud\\u017ebe, u drugim slu\\u010dajevima&nbsp;<strong>martinabanozictextiles.com<\\\/strong> ne\\u0107e kupcu slati elektronske poruke ukoliko na to kupac nije izri\\u010dito pristao.<\\\/p>\\n<p><!-- \\\/wp:paragraph --><\\\/p>\",\"_margin\":{\"unit\":\"px\",\"top\":\"50\",\"right\":\"0\",\"bottom\":\"50\",\"left\":\"0\",\"isLinked\":false},\"typography_typography\":\"custom\",\"align\":\"justify\"},\"elements\":[],\"widgetType\":\"text-editor\"}],\"isInner\":false}],\"isInner\":false}]"],"rank_math_internal_links_processed":["1"],"rank_math_seo_score":["7"],"_elementor_page_assets":["a:0:{}"],"_elementor_css":["a:6:{s:4:\"time\";i:1750068530;s:5:\"fonts\";a:0:{}s:5:\"icons\";a:0:{}s:20:\"dynamic_elements_ids\";a:0:{}s:6:\"status\";s:4:\"file\";i:0;s:0:\"\";}"]},"_links":{"self":[{"href":"https:\/\/martinabanozictextiles.com\/eng\/wp-json\/wp\/v2\/pages\/3","targetHints":{"allow":["GET"]}}],"collection":[{"href":"https:\/\/martinabanozictextiles.com\/eng\/wp-json\/wp\/v2\/pages"}],"about":[{"href":"https:\/\/martinabanozictextiles.com\/eng\/wp-json\/wp\/v2\/types\/page"}],"author":[{"embeddable":true,"href":"https:\/\/martinabanozictextiles.com\/eng\/wp-json\/wp\/v2\/users\/1"}],"replies":[{"embeddable":true,"href":"https:\/\/martinabanozictextiles.com\/eng\/wp-json\/wp\/v2\/comments?post=3"}],"version-history":[{"count":15,"href":"https:\/\/martinabanozictextiles.com\/eng\/wp-json\/wp\/v2\/pages\/3\/revisions"}],"predecessor-version":[{"id":7125,"href":"https:\/\/martinabanozictextiles.com\/eng\/wp-json\/wp\/v2\/pages\/3\/revisions\/7125"}],"wp:attachment":[{"href":"https:\/\/martinabanozictextiles.com\/eng\/wp-json\/wp\/v2\/media?parent=3"}],"curies":[{"name":"wp","href":"https:\/\/api.w.org\/{rel}","templated":true}]}}